{"id":8,"date":"2014-03-17T17:33:24","date_gmt":"2014-03-17T15:33:24","guid":{"rendered":"http:\/\/norwegen-angeln.com\/en-no\/norsk\/?page_id=8"},"modified":"2024-02-03T21:25:50","modified_gmt":"2024-02-03T19:25:50","slug":"home","status":"publish","type":"page","link":"https:\/\/norwegen-angeln.com\/en-no\/norsk\/","title":{"rendered":"Home"},"content":{"rendered":"<h2><span style=\"color: #800000;\">Velkommen!<\/span><\/h2>\n<p>&nbsp;<\/p>\n<p><strong><span style=\"color: #800000;\">Fisketur p\u00e5 Nordnorges beste fiskeplasser? Vi gj\u00f8r det mulig. I Hav\u00f8ysund (Nordkap) kan dr\u00f8mmen om \u00e5 ta ditt livs st\u00f8rste fangst bli til virkelighet. Pr\u00f8v lykken!<\/span><\/strong><\/p>\n<p>&nbsp;<\/p>\n<p><strong><span style=\"color: #800000;\">P\u00e5 begge steder vil du finne velutstyrte kabinb\u00e5ter samt koselig innredede feriehus. V\u00e5re kontaktpersoner p\u00e5 stedet hjelper deg gjerne ved sp\u00f8rsm\u00e5l og gir praktiske tips om fiske.<\/span><\/strong><\/p>\n<p>&nbsp;<\/p>\n<p><strong><span style=\"color: #800000;\">Vi \u00f8nsker v\u00e5re gjester et hyggelig opphold, vellykkede fisketurer og ikke minst trivelige og avslappede dager i Nordnorge.<\/span><\/strong><\/p>\n","protected":false},"excerpt":{"rendered":"<p>Velkommen! &nbsp; Fisketur p\u00e5 Nordnorges beste fiskeplasser? Vi gj\u00f8r det mulig. I Hav\u00f8ysund (Nordkap) kan dr\u00f8mmen om \u00e5 ta ditt livs st\u00f8rste fangst bli til virkelighet. Pr\u00f8v lykken! &nbsp; P\u00e5 begge steder vil du finne&#8230; <a class=\"morefont\" href=\"https:\/\/norwegen-angeln.com\/en-no\/norsk\/\"> [mehr &raquo;]<\/a><\/p>\n","protected":false},"author":1,"featured_media":0,"parent":0,"menu_order":0,"comment_status":"open","ping_status":"open","template":"page_withside.php","meta":{"footnotes":""},"class_list":["post-8","page","type-page","status-publish","hentry"],"yoast_head":"<!-- This site is optimized with the Yoast SEO plugin v25.9 - https:\/\/yoast.com\/wordpress\/plugins\/seo\/ -->\n<title>Home - T\u00d8PFER SJ\u00d8HUS - fiske og ferie i norge<\/title>\n<meta name=\"robots\" content=\"index, follow, max-snippet:-1, max-image-preview:large, max-video-preview:-1\" \/>\n<link rel=\"canonical\" href=\"https:\/\/norwegen-angeln.com\/en-no\/norsk\/\" \/>\n<meta property=\"og:locale\" content=\"de_DE\" \/>\n<meta property=\"og:type\" content=\"article\" \/>\n<meta property=\"og:title\" content=\"Home - T\u00d8PFER SJ\u00d8HUS - fiske og ferie i norge\" \/>\n<meta property=\"og:description\" content=\"Velkommen! &nbsp; Fisketur p\u00e5 Nordnorges beste fiskeplasser? Vi gj\u00f8r det mulig. I Hav\u00f8ysund (Nordkap) kan dr\u00f8mmen om \u00e5 ta ditt livs st\u00f8rste fangst bli til virkelighet. Pr\u00f8v lykken! &nbsp; P\u00e5 begge steder vil du finne... [mehr &raquo;]\" \/>\n<meta property=\"og:url\" content=\"https:\/\/norwegen-angeln.com\/en-no\/norsk\/\" \/>\n<meta property=\"og:site_name\" content=\"T\u00d8PFER SJ\u00d8HUS - fiske og ferie i norge\" \/>\n<meta property=\"article:modified_time\" content=\"2024-02-03T19:25:50+00:00\" \/>\n<meta name=\"twitter:label1\" content=\"Gesch\u00e4tzte Lesezeit\" \/>\n\t<meta name=\"twitter:data1\" content=\"1\u00a0Minute\" \/>\n<script type=\"application\/ld+json\" class=\"yoast-schema-graph\">{\"@context\":\"https:\/\/schema.org\",\"@graph\":[{\"@type\":\"WebPage\",\"@id\":\"https:\/\/norwegen-angeln.com\/en-no\/norsk\/\",\"url\":\"https:\/\/norwegen-angeln.com\/en-no\/norsk\/\",\"name\":\"Home - T\u00d8PFER SJ\u00d8HUS - fiske og ferie i norge\",\"isPartOf\":{\"@id\":\"https:\/\/norwegen-angeln.com\/en-no\/norsk\/#website\"},\"datePublished\":\"2014-03-17T15:33:24+00:00\",\"dateModified\":\"2024-02-03T19:25:50+00:00\",\"inLanguage\":\"de\",\"potentialAction\":[{\"@type\":\"ReadAction\",\"target\":[\"https:\/\/norwegen-angeln.com\/en-no\/norsk\/\"]}]},{\"@type\":\"WebSite\",\"@id\":\"https:\/\/norwegen-angeln.com\/en-no\/norsk\/#website\",\"url\":\"https:\/\/norwegen-angeln.com\/en-no\/norsk\/\",\"name\":\"T\u00d8PFER SJ\u00d8HUS - fiske og ferie i norge\",\"description\":\"T\u00d8PFER SJ\u00d8HUS - fiske og ferie i  norge\",\"potentialAction\":[{\"@type\":\"SearchAction\",\"target\":{\"@type\":\"EntryPoint\",\"urlTemplate\":\"https:\/\/norwegen-angeln.com\/en-no\/norsk\/?s={search_term_string}\"},\"query-input\":{\"@type\":\"PropertyValueSpecification\",\"valueRequired\":true,\"valueName\":\"search_term_string\"}}],\"inLanguage\":\"de\"}]}<\/script>\n<!-- \/ Yoast SEO plugin. -->","yoast_head_json":{"title":"Home - T\u00d8PFER SJ\u00d8HUS - fiske og ferie i norge","robots":{"index":"index","follow":"follow","max-snippet":"max-snippet:-1","max-image-preview":"max-image-preview:large","max-video-preview":"max-video-preview:-1"},"canonical":"https:\/\/norwegen-angeln.com\/en-no\/norsk\/","og_locale":"de_DE","og_type":"article","og_title":"Home - T\u00d8PFER SJ\u00d8HUS - fiske og ferie i norge","og_description":"Velkommen! &nbsp; Fisketur p\u00e5 Nordnorges beste fiskeplasser? Vi gj\u00f8r det mulig. I Hav\u00f8ysund (Nordkap) kan dr\u00f8mmen om \u00e5 ta ditt livs st\u00f8rste fangst bli til virkelighet. Pr\u00f8v lykken! &nbsp; P\u00e5 begge steder vil du finne... [mehr &raquo;]","og_url":"https:\/\/norwegen-angeln.com\/en-no\/norsk\/","og_site_name":"T\u00d8PFER SJ\u00d8HUS - fiske og ferie i norge","article_modified_time":"2024-02-03T19:25:50+00:00","twitter_misc":{"Gesch\u00e4tzte Lesezeit":"1\u00a0Minute"},"schema":{"@context":"https:\/\/schema.org","@graph":[{"@type":"WebPage","@id":"https:\/\/norwegen-angeln.com\/en-no\/norsk\/","url":"https:\/\/norwegen-angeln.com\/en-no\/norsk\/","name":"Home - T\u00d8PFER SJ\u00d8HUS - fiske og ferie i norge","isPartOf":{"@id":"https:\/\/norwegen-angeln.com\/en-no\/norsk\/#website"},"datePublished":"2014-03-17T15:33:24+00:00","dateModified":"2024-02-03T19:25:50+00:00","inLanguage":"de","potentialAction":[{"@type":"ReadAction","target":["https:\/\/norwegen-angeln.com\/en-no\/norsk\/"]}]},{"@type":"WebSite","@id":"https:\/\/norwegen-angeln.com\/en-no\/norsk\/#website","url":"https:\/\/norwegen-angeln.com\/en-no\/norsk\/","name":"T\u00d8PFER SJ\u00d8HUS - fiske og ferie i norge","description":"T\u00d8PFER SJ\u00d8HUS - fiske og ferie i  norge","potentialAction":[{"@type":"SearchAction","target":{"@type":"EntryPoint","urlTemplate":"https:\/\/norwegen-angeln.com\/en-no\/norsk\/?s={search_term_string}"},"query-input":{"@type":"PropertyValueSpecification","valueRequired":true,"valueName":"search_term_string"}}],"inLanguage":"de"}]}},"_links":{"self":[{"href":"https:\/\/norwegen-angeln.com\/en-no\/norsk\/wp-json\/wp\/v2\/pages\/8","targetHints":{"allow":["GET"]}}],"collection":[{"href":"https:\/\/norwegen-angeln.com\/en-no\/norsk\/wp-json\/wp\/v2\/pages"}],"about":[{"href":"https:\/\/norwegen-angeln.com\/en-no\/norsk\/wp-json\/wp\/v2\/types\/page"}],"author":[{"embeddable":true,"href":"https:\/\/norwegen-angeln.com\/en-no\/norsk\/wp-json\/wp\/v2\/users\/1"}],"replies":[{"embeddable":true,"href":"https:\/\/norwegen-angeln.com\/en-no\/norsk\/wp-json\/wp\/v2\/comments?post=8"}],"version-history":[{"count":10,"href":"https:\/\/norwegen-angeln.com\/en-no\/norsk\/wp-json\/wp\/v2\/pages\/8\/revisions"}],"predecessor-version":[{"id":907,"href":"https:\/\/norwegen-angeln.com\/en-no\/norsk\/wp-json\/wp\/v2\/pages\/8\/revisions\/907"}],"wp:attachment":[{"href":"https:\/\/norwegen-angeln.com\/en-no\/norsk\/wp-json\/wp\/v2\/media?parent=8"}],"curies":[{"name":"wp","href":"https:\/\/api.w.org\/{rel}","templated":true}]}}