{"id":10,"date":"2014-03-17T17:09:51","date_gmt":"2014-03-17T15:09:51","guid":{"rendered":"http:\/\/norwegen-angeln.com\/en-no\/?page_id=10"},"modified":"2019-10-30T11:34:54","modified_gmt":"2019-10-30T09:34:54","slug":"localities","status":"publish","type":"page","link":"https:\/\/norwegen-angeln.com\/en-no\/localities\/","title":{"rendered":"Hav\u00f8ysund"},"content":{"rendered":"<p><a href=\"http:\/\/norwegen-angeln.com\/en-no\/wp-content\/uploads\/2014\/03\/NT001646-aor-web.jpg\" data-rel=\"lightbox-image-0\" data-rl_title=\"\" data-rl_caption=\"\" title=\"\"><img loading=\"lazy\" decoding=\"async\" class=\"alignleft wp-image-84\" src=\"http:\/\/norwegen-angeln.com\/en-no\/wp-content\/uploads\/2014\/03\/NT001646-aor-web-320x213.jpg\" alt=\"NT001646-aor-web\" width=\"256\" height=\"170\" srcset=\"https:\/\/www.norwegen-angeln.com\/en-no\/wp-content\/uploads\/2014\/03\/NT001646-aor-web-320x213.jpg 320w, https:\/\/www.norwegen-angeln.com\/en-no\/wp-content\/uploads\/2014\/03\/NT001646-aor-web-678x452.jpg 678w, https:\/\/www.norwegen-angeln.com\/en-no\/wp-content\/uploads\/2014\/03\/NT001646-aor-web.jpg 1124w\" sizes=\"auto, (max-width: 256px) 100vw, 256px\" \/><\/a><b>Hav\u00f8ysund 70 \u00b0 59.72 N 24 \u00b0 38.37 E<\/b><\/p>\n<p>The small village Hav\u00f8ysund is situated almost exactly on the 71 Degrees north latitude. Currently, about 1200 inhabitants live in this fishing village.<br \/>\nHav\u00f8ysund is connected by bridge to the mainland. Various services are offered by the inhabitants ; among others , there are two fish factories , a petrol station , doctors , restaurant, bar, pub and disco, a well-stocked supermarkets and a bank ATM card machine . In the center of Hav\u00f8ysund there is the M\u00e5s\u00f8y Museum, which specializes in the coastal culture . Hav\u00f8ysund is run daily from the ships of the Hurtigruten . From Hav\u00f8ysund you can Ing\u00f8y , Rolvs\u00f8y , M\u00e5s\u00f8y and Ryggefjord almost daily by ferry to achieve ( Ryggefjord only in summer).<br \/>\nA half-hour walk to Hav\u00f8ygavlen leads to the highest point of the Hav\u00f8ya Island, from where the &#8220; Arctic View&#8220; has a great view of the Arctic Ocean and the midnight sun. There is also the northernmost windmill park in the world .<\/p>\n","protected":false},"excerpt":{"rendered":"<p>Hav\u00f8ysund 70 \u00b0 59.72 N 24 \u00b0 38.37 E The small village Hav\u00f8ysund is situated almost exactly on the 71 Degrees north latitude. Currently, about 1200 inhabitants live in this fishing village. Hav\u00f8ysund is connected&#8230; <a class=\"morefont\" href=\"https:\/\/norwegen-angeln.com\/en-no\/localities\/\"> [mehr &raquo;]<\/a><\/p>\n","protected":false},"author":1,"featured_media":0,"parent":0,"menu_order":0,"comment_status":"open","ping_status":"open","template":"","meta":{"footnotes":""},"class_list":["post-10","page","type-page","status-publish","hentry"],"yoast_head":"<!-- This site is optimized with the Yoast SEO plugin v25.9 - https:\/\/yoast.com\/wordpress\/plugins\/seo\/ -->\n<title>Hav\u00f8ysund - T\u00d8PFER SJ\u00d8HUS - fishing and holiday in norway<\/title>\n<meta name=\"robots\" content=\"index, follow, max-snippet:-1, max-image-preview:large, max-video-preview:-1\" \/>\n<link rel=\"canonical\" href=\"https:\/\/norwegen-angeln.com\/en-no\/localities\/\" \/>\n<meta property=\"og:locale\" content=\"de_DE\" \/>\n<meta property=\"og:type\" content=\"article\" \/>\n<meta property=\"og:title\" content=\"Hav\u00f8ysund - T\u00d8PFER SJ\u00d8HUS - fishing and holiday in norway\" \/>\n<meta property=\"og:description\" content=\"Hav\u00f8ysund 70 \u00b0 59.72 N 24 \u00b0 38.37 E The small village Hav\u00f8ysund is situated almost exactly on the 71 Degrees north latitude. Currently, about 1200 inhabitants live in this fishing village. Hav\u00f8ysund is connected... [mehr &raquo;]\" \/>\n<meta property=\"og:url\" content=\"https:\/\/norwegen-angeln.com\/en-no\/localities\/\" \/>\n<meta property=\"og:site_name\" content=\"T\u00d8PFER SJ\u00d8HUS - fishing and holiday in norway\" \/>\n<meta property=\"article:modified_time\" content=\"2019-10-30T09:34:54+00:00\" \/>\n<meta property=\"og:image\" content=\"https:\/\/www.norwegen-angeln.com\/en-no\/wp-content\/uploads\/2014\/03\/NT001646-aor-web.jpg\" \/>\n\t<meta property=\"og:image:width\" content=\"1124\" \/>\n\t<meta property=\"og:image:height\" content=\"750\" \/>\n\t<meta property=\"og:image:type\" content=\"image\/jpeg\" \/>\n<meta name=\"twitter:label1\" content=\"Gesch\u00e4tzte Lesezeit\" \/>\n\t<meta name=\"twitter:data1\" content=\"1\u00a0Minute\" \/>\n<script type=\"application\/ld+json\" class=\"yoast-schema-graph\">{\"@context\":\"https:\/\/schema.org\",\"@graph\":[{\"@type\":\"WebPage\",\"@id\":\"https:\/\/norwegen-angeln.com\/en-no\/localities\/\",\"url\":\"https:\/\/norwegen-angeln.com\/en-no\/localities\/\",\"name\":\"Hav\u00f8ysund - T\u00d8PFER SJ\u00d8HUS - fishing and holiday in norway\",\"isPartOf\":{\"@id\":\"https:\/\/norwegen-angeln.com\/en-no\/#website\"},\"primaryImageOfPage\":{\"@id\":\"https:\/\/norwegen-angeln.com\/en-no\/localities\/#primaryimage\"},\"image\":{\"@id\":\"https:\/\/norwegen-angeln.com\/en-no\/localities\/#primaryimage\"},\"thumbnailUrl\":\"http:\/\/norwegen-angeln.com\/en-no\/wp-content\/uploads\/2014\/03\/NT001646-aor-web-320x213.jpg\",\"datePublished\":\"2014-03-17T15:09:51+00:00\",\"dateModified\":\"2019-10-30T09:34:54+00:00\",\"inLanguage\":\"de\",\"potentialAction\":[{\"@type\":\"ReadAction\",\"target\":[\"https:\/\/norwegen-angeln.com\/en-no\/localities\/\"]}]},{\"@type\":\"ImageObject\",\"inLanguage\":\"de\",\"@id\":\"https:\/\/norwegen-angeln.com\/en-no\/localities\/#primaryimage\",\"url\":\"http:\/\/norwegen-angeln.com\/en-no\/wp-content\/uploads\/2014\/03\/NT001646-aor-web-320x213.jpg\",\"contentUrl\":\"http:\/\/norwegen-angeln.com\/en-no\/wp-content\/uploads\/2014\/03\/NT001646-aor-web-320x213.jpg\"},{\"@type\":\"WebSite\",\"@id\":\"https:\/\/norwegen-angeln.com\/en-no\/#website\",\"url\":\"https:\/\/norwegen-angeln.com\/en-no\/\",\"name\":\"T\u00d8PFER SJ\u00d8HUS - fishing and holiday in norway\",\"description\":\"fishing in norway\",\"potentialAction\":[{\"@type\":\"SearchAction\",\"target\":{\"@type\":\"EntryPoint\",\"urlTemplate\":\"https:\/\/norwegen-angeln.com\/en-no\/?s={search_term_string}\"},\"query-input\":{\"@type\":\"PropertyValueSpecification\",\"valueRequired\":true,\"valueName\":\"search_term_string\"}}],\"inLanguage\":\"de\"}]}<\/script>\n<!-- \/ Yoast SEO plugin. -->","yoast_head_json":{"title":"Hav\u00f8ysund - T\u00d8PFER SJ\u00d8HUS - fishing and holiday in norway","robots":{"index":"index","follow":"follow","max-snippet":"max-snippet:-1","max-image-preview":"max-image-preview:large","max-video-preview":"max-video-preview:-1"},"canonical":"https:\/\/norwegen-angeln.com\/en-no\/localities\/","og_locale":"de_DE","og_type":"article","og_title":"Hav\u00f8ysund - T\u00d8PFER SJ\u00d8HUS - fishing and holiday in norway","og_description":"Hav\u00f8ysund 70 \u00b0 59.72 N 24 \u00b0 38.37 E The small village Hav\u00f8ysund is situated almost exactly on the 71 Degrees north latitude. Currently, about 1200 inhabitants live in this fishing village. Hav\u00f8ysund is connected... [mehr &raquo;]","og_url":"https:\/\/norwegen-angeln.com\/en-no\/localities\/","og_site_name":"T\u00d8PFER SJ\u00d8HUS - fishing and holiday in norway","article_modified_time":"2019-10-30T09:34:54+00:00","og_image":[{"width":1124,"height":750,"url":"https:\/\/www.norwegen-angeln.com\/en-no\/wp-content\/uploads\/2014\/03\/NT001646-aor-web.jpg","type":"image\/jpeg"}],"twitter_misc":{"Gesch\u00e4tzte Lesezeit":"1\u00a0Minute"},"schema":{"@context":"https:\/\/schema.org","@graph":[{"@type":"WebPage","@id":"https:\/\/norwegen-angeln.com\/en-no\/localities\/","url":"https:\/\/norwegen-angeln.com\/en-no\/localities\/","name":"Hav\u00f8ysund - T\u00d8PFER SJ\u00d8HUS - fishing and holiday in norway","isPartOf":{"@id":"https:\/\/norwegen-angeln.com\/en-no\/#website"},"primaryImageOfPage":{"@id":"https:\/\/norwegen-angeln.com\/en-no\/localities\/#primaryimage"},"image":{"@id":"https:\/\/norwegen-angeln.com\/en-no\/localities\/#primaryimage"},"thumbnailUrl":"http:\/\/norwegen-angeln.com\/en-no\/wp-content\/uploads\/2014\/03\/NT001646-aor-web-320x213.jpg","datePublished":"2014-03-17T15:09:51+00:00","dateModified":"2019-10-30T09:34:54+00:00","inLanguage":"de","potentialAction":[{"@type":"ReadAction","target":["https:\/\/norwegen-angeln.com\/en-no\/localities\/"]}]},{"@type":"ImageObject","inLanguage":"de","@id":"https:\/\/norwegen-angeln.com\/en-no\/localities\/#primaryimage","url":"http:\/\/norwegen-angeln.com\/en-no\/wp-content\/uploads\/2014\/03\/NT001646-aor-web-320x213.jpg","contentUrl":"http:\/\/norwegen-angeln.com\/en-no\/wp-content\/uploads\/2014\/03\/NT001646-aor-web-320x213.jpg"},{"@type":"WebSite","@id":"https:\/\/norwegen-angeln.com\/en-no\/#website","url":"https:\/\/norwegen-angeln.com\/en-no\/","name":"T\u00d8PFER SJ\u00d8HUS - fishing and holiday in norway","description":"fishing in norway","potentialAction":[{"@type":"SearchAction","target":{"@type":"EntryPoint","urlTemplate":"https:\/\/norwegen-angeln.com\/en-no\/?s={search_term_string}"},"query-input":{"@type":"PropertyValueSpecification","valueRequired":true,"valueName":"search_term_string"}}],"inLanguage":"de"}]}},"_links":{"self":[{"href":"https:\/\/norwegen-angeln.com\/en-no\/wp-json\/wp\/v2\/pages\/10","targetHints":{"allow":["GET"]}}],"collection":[{"href":"https:\/\/norwegen-angeln.com\/en-no\/wp-json\/wp\/v2\/pages"}],"about":[{"href":"https:\/\/norwegen-angeln.com\/en-no\/wp-json\/wp\/v2\/types\/page"}],"author":[{"embeddable":true,"href":"https:\/\/norwegen-angeln.com\/en-no\/wp-json\/wp\/v2\/users\/1"}],"replies":[{"embeddable":true,"href":"https:\/\/norwegen-angeln.com\/en-no\/wp-json\/wp\/v2\/comments?post=10"}],"version-history":[{"count":10,"href":"https:\/\/norwegen-angeln.com\/en-no\/wp-json\/wp\/v2\/pages\/10\/revisions"}],"predecessor-version":[{"id":700,"href":"https:\/\/norwegen-angeln.com\/en-no\/wp-json\/wp\/v2\/pages\/10\/revisions\/700"}],"wp:attachment":[{"href":"https:\/\/norwegen-angeln.com\/en-no\/wp-json\/wp\/v2\/media?parent=10"}],"curies":[{"name":"wp","href":"https:\/\/api.w.org\/{rel}","templated":true}]}}